{"id":127,"date":"2024-09-13T19:38:56","date_gmt":"2024-09-13T17:38:56","guid":{"rendered":"https:\/\/cartel2025.minesparis.psl.eu\/index.php\/editions-precedentes\/"},"modified":"2024-09-25T19:36:51","modified_gmt":"2024-09-25T17:36:51","slug":"editions-precedentes","status":"publish","type":"page","link":"https:\/\/cartel2025.minesparis.psl.eu\/index.php\/editions-precedentes\/","title":{"rendered":"\u00c9ditions pr\u00e9c\u00e9dentes"},"content":{"rendered":"\n\n","protected":false},"excerpt":{"rendered":"","protected":false},"author":3,"featured_media":0,"parent":0,"menu_order":0,"comment_status":"closed","ping_status":"closed","template":"full-width","meta":{"saved_in_kubio":true,"ngg_post_thumbnail":0,"footnotes":""},"class_list":["post-127","page","type-page","status-publish","hentry"],"kubio_ai_page_context":{"short_desc":"","purpose":"general"},"yoast_head":"<!-- This site is optimized with the Yoast SEO plugin v26.0 - https:\/\/yoast.com\/wordpress\/plugins\/seo\/ -->\n<title>\u00c9ditions pr\u00e9c\u00e9dentes - Cartel 2025<\/title>\n<meta name=\"robots\" content=\"index, follow, max-snippet:-1, max-image-preview:large, max-video-preview:-1\" \/>\n<link rel=\"canonical\" href=\"https:\/\/cartel2025.minesparis.psl.eu\/index.php\/editions-precedentes\/\" \/>\n<meta property=\"og:locale\" content=\"fr_FR\" \/>\n<meta property=\"og:type\" content=\"article\" \/>\n<meta property=\"og:title\" content=\"\u00c9ditions pr\u00e9c\u00e9dentes - Cartel 2025\" \/>\n<meta property=\"og:url\" content=\"https:\/\/cartel2025.minesparis.psl.eu\/index.php\/editions-precedentes\/\" \/>\n<meta property=\"og:site_name\" content=\"Cartel 2025\" \/>\n<meta property=\"article:modified_time\" content=\"2024-09-25T17:36:51+00:00\" \/>\n<meta name=\"twitter:card\" content=\"summary_large_image\" \/>\n<script type=\"application\/ld+json\" class=\"yoast-schema-graph\">{\"@context\":\"https:\/\/schema.org\",\"@graph\":[{\"@type\":\"WebPage\",\"@id\":\"https:\/\/cartel2025.minesparis.psl.eu\/index.php\/editions-precedentes\/\",\"url\":\"https:\/\/cartel2025.minesparis.psl.eu\/index.php\/editions-precedentes\/\",\"name\":\"\u00c9ditions pr\u00e9c\u00e9dentes - Cartel 2025\",\"isPartOf\":{\"@id\":\"https:\/\/cartel2025.minesparis.psl.eu\/#website\"},\"datePublished\":\"2024-09-13T17:38:56+00:00\",\"dateModified\":\"2024-09-25T17:36:51+00:00\",\"breadcrumb\":{\"@id\":\"https:\/\/cartel2025.minesparis.psl.eu\/index.php\/editions-precedentes\/#breadcrumb\"},\"inLanguage\":\"fr-FR\",\"potentialAction\":[{\"@type\":\"ReadAction\",\"target\":[\"https:\/\/cartel2025.minesparis.psl.eu\/index.php\/editions-precedentes\/\"]}]},{\"@type\":\"BreadcrumbList\",\"@id\":\"https:\/\/cartel2025.minesparis.psl.eu\/index.php\/editions-precedentes\/#breadcrumb\",\"itemListElement\":[{\"@type\":\"ListItem\",\"position\":1,\"name\":\"Accueil\",\"item\":\"https:\/\/cartel2025.minesparis.psl.eu\/\"},{\"@type\":\"ListItem\",\"position\":2,\"name\":\"\u00c9ditions pr\u00e9c\u00e9dentes\"}]},{\"@type\":\"WebSite\",\"@id\":\"https:\/\/cartel2025.minesparis.psl.eu\/#website\",\"url\":\"https:\/\/cartel2025.minesparis.psl.eu\/\",\"name\":\"Cartel 2025\",\"description\":\"La 51\u00e8me \u00e9dition du Cartel des Mines\",\"publisher\":{\"@id\":\"https:\/\/cartel2025.minesparis.psl.eu\/#organization\"},\"potentialAction\":[{\"@type\":\"SearchAction\",\"target\":{\"@type\":\"EntryPoint\",\"urlTemplate\":\"https:\/\/cartel2025.minesparis.psl.eu\/?s={search_term_string}\"},\"query-input\":{\"@type\":\"PropertyValueSpecification\",\"valueRequired\":true,\"valueName\":\"search_term_string\"}}],\"inLanguage\":\"fr-FR\"},{\"@type\":\"Organization\",\"@id\":\"https:\/\/cartel2025.minesparis.psl.eu\/#organization\",\"name\":\"Cartel Paris 2025\",\"url\":\"https:\/\/cartel2025.minesparis.psl.eu\/\",\"logo\":{\"@type\":\"ImageObject\",\"inLanguage\":\"fr-FR\",\"@id\":\"https:\/\/cartel2025.minesparis.psl.eu\/#\/schema\/logo\/image\/\",\"url\":\"https:\/\/cartel2025.minesparis.psl.eu\/wp-content\/uploads\/2024\/09\/logo_cartel_V5-2.png\",\"contentUrl\":\"https:\/\/cartel2025.minesparis.psl.eu\/wp-content\/uploads\/2024\/09\/logo_cartel_V5-2.png\",\"width\":1123,\"height\":794,\"caption\":\"Cartel Paris 2025\"},\"image\":{\"@id\":\"https:\/\/cartel2025.minesparis.psl.eu\/#\/schema\/logo\/image\/\"},\"sameAs\":[\"https:\/\/www.linkedin.com\/company\/cartel-2025\/\"]}]}<\/script>\n<!-- \/ Yoast SEO plugin. -->","yoast_head_json":{"title":"\u00c9ditions pr\u00e9c\u00e9dentes - Cartel 2025","robots":{"index":"index","follow":"follow","max-snippet":"max-snippet:-1","max-image-preview":"max-image-preview:large","max-video-preview":"max-video-preview:-1"},"canonical":"https:\/\/cartel2025.minesparis.psl.eu\/index.php\/editions-precedentes\/","og_locale":"fr_FR","og_type":"article","og_title":"\u00c9ditions pr\u00e9c\u00e9dentes - Cartel 2025","og_url":"https:\/\/cartel2025.minesparis.psl.eu\/index.php\/editions-precedentes\/","og_site_name":"Cartel 2025","article_modified_time":"2024-09-25T17:36:51+00:00","twitter_card":"summary_large_image","schema":{"@context":"https:\/\/schema.org","@graph":[{"@type":"WebPage","@id":"https:\/\/cartel2025.minesparis.psl.eu\/index.php\/editions-precedentes\/","url":"https:\/\/cartel2025.minesparis.psl.eu\/index.php\/editions-precedentes\/","name":"\u00c9ditions pr\u00e9c\u00e9dentes - Cartel 2025","isPartOf":{"@id":"https:\/\/cartel2025.minesparis.psl.eu\/#website"},"datePublished":"2024-09-13T17:38:56+00:00","dateModified":"2024-09-25T17:36:51+00:00","breadcrumb":{"@id":"https:\/\/cartel2025.minesparis.psl.eu\/index.php\/editions-precedentes\/#breadcrumb"},"inLanguage":"fr-FR","potentialAction":[{"@type":"ReadAction","target":["https:\/\/cartel2025.minesparis.psl.eu\/index.php\/editions-precedentes\/"]}]},{"@type":"BreadcrumbList","@id":"https:\/\/cartel2025.minesparis.psl.eu\/index.php\/editions-precedentes\/#breadcrumb","itemListElement":[{"@type":"ListItem","position":1,"name":"Accueil","item":"https:\/\/cartel2025.minesparis.psl.eu\/"},{"@type":"ListItem","position":2,"name":"\u00c9ditions pr\u00e9c\u00e9dentes"}]},{"@type":"WebSite","@id":"https:\/\/cartel2025.minesparis.psl.eu\/#website","url":"https:\/\/cartel2025.minesparis.psl.eu\/","name":"Cartel 2025","description":"La 51\u00e8me \u00e9dition du Cartel des Mines","publisher":{"@id":"https:\/\/cartel2025.minesparis.psl.eu\/#organization"},"potentialAction":[{"@type":"SearchAction","target":{"@type":"EntryPoint","urlTemplate":"https:\/\/cartel2025.minesparis.psl.eu\/?s={search_term_string}"},"query-input":{"@type":"PropertyValueSpecification","valueRequired":true,"valueName":"search_term_string"}}],"inLanguage":"fr-FR"},{"@type":"Organization","@id":"https:\/\/cartel2025.minesparis.psl.eu\/#organization","name":"Cartel Paris 2025","url":"https:\/\/cartel2025.minesparis.psl.eu\/","logo":{"@type":"ImageObject","inLanguage":"fr-FR","@id":"https:\/\/cartel2025.minesparis.psl.eu\/#\/schema\/logo\/image\/","url":"https:\/\/cartel2025.minesparis.psl.eu\/wp-content\/uploads\/2024\/09\/logo_cartel_V5-2.png","contentUrl":"https:\/\/cartel2025.minesparis.psl.eu\/wp-content\/uploads\/2024\/09\/logo_cartel_V5-2.png","width":1123,"height":794,"caption":"Cartel Paris 2025"},"image":{"@id":"https:\/\/cartel2025.minesparis.psl.eu\/#\/schema\/logo\/image\/"},"sameAs":["https:\/\/www.linkedin.com\/company\/cartel-2025\/"]}]}},"_links":{"self":[{"href":"https:\/\/cartel2025.minesparis.psl.eu\/index.php\/wp-json\/wp\/v2\/pages\/127","targetHints":{"allow":["GET"]}}],"collection":[{"href":"https:\/\/cartel2025.minesparis.psl.eu\/index.php\/wp-json\/wp\/v2\/pages"}],"about":[{"href":"https:\/\/cartel2025.minesparis.psl.eu\/index.php\/wp-json\/wp\/v2\/types\/page"}],"author":[{"embeddable":true,"href":"https:\/\/cartel2025.minesparis.psl.eu\/index.php\/wp-json\/wp\/v2\/users\/3"}],"replies":[{"embeddable":true,"href":"https:\/\/cartel2025.minesparis.psl.eu\/index.php\/wp-json\/wp\/v2\/comments?post=127"}],"version-history":[{"count":10,"href":"https:\/\/cartel2025.minesparis.psl.eu\/index.php\/wp-json\/wp\/v2\/pages\/127\/revisions"}],"predecessor-version":[{"id":504,"href":"https:\/\/cartel2025.minesparis.psl.eu\/index.php\/wp-json\/wp\/v2\/pages\/127\/revisions\/504"}],"wp:attachment":[{"href":"https:\/\/cartel2025.minesparis.psl.eu\/index.php\/wp-json\/wp\/v2\/media?parent=127"}],"curies":[{"name":"wp","href":"https:\/\/api.w.org\/{rel}","templated":true}]}}